{"id":231,"date":"2015-04-05T18:48:05","date_gmt":"2015-04-05T17:48:05","guid":{"rendered":"http:\/\/www.sossenheim-online.de\/?page_id=231"},"modified":"2021-05-12T10:21:52","modified_gmt":"2021-05-12T09:21:52","slug":"malermeister-smole","status":"publish","type":"page","link":"https:\/\/sossenheim-online.de\/wp\/firmen\/bauen-wohnen-renovieren\/malermeister-smole\/","title":{"rendered":"Malermeister Smole"},"content":{"rendered":"<p><strong>Malermeister Smole<br \/>\n<\/strong>Westerwaldstr. 8<br \/>\n65936 Frankfurt am Main<br \/>\nTelefon: +49 (0) 69 37 56 38 20<strong><br \/>\n<\/strong>Telefax: +49 (0) 69 37 56 38 21<br \/>\nE-Mail: <a href=\"mailto:malermeister@smole.de\"><span style=\"text-decoration: underline;\">malermeister@smole.de<\/span><\/a><br \/>\nInternet: <a href=\"http:\/\/www.smole.de\" target=\"_blank\" rel=\"noopener\">http:\/\/www.smole.de<\/a><\/p>\n<p><iframe loading=\"lazy\" hcb-fetch-image-from=\"https:\/\/youtu.be\/aRI7Z6MHfmo\" title=\"Malermeister Smole Frankfurt Sossenheim\" width=\"584\" height=\"438\" src=\"https:\/\/www.youtube.com\/embed\/aRI7Z6MHfmo?feature=oembed\" frameborder=\"0\" allow=\"accelerometer; autoplay; clipboard-write; encrypted-media; gyroscope; picture-in-picture; web-share\" referrerpolicy=\"strict-origin-when-cross-origin\" allowfullscreen><\/iframe><\/p>\n","protected":false},"excerpt":{"rendered":"<p>Malermeister Smole Westerwaldstr. 8 65936 Frankfurt am Main Telefon: +49 (0) 69 37 56 38 20 Telefax: +49 (0) 69 37 56 38 21 E-Mail: malermeister@smole.de Internet: http:\/\/www.smole.de<\/p>\n","protected":false},"author":1,"featured_media":0,"parent":36,"menu_order":0,"comment_status":"closed","ping_status":"closed","template":"sidebar-page.php","meta":{"footnotes":""},"class_list":["post-231","page","type-page","status-publish","hentry"],"yoast_head":"<!-- This site is optimized with the Yoast SEO plugin v27.1.1 - https:\/\/yoast.com\/product\/yoast-seo-wordpress\/ -->\n<title>Malermeister Smole - Sossenheim - Online<\/title>\n<meta name=\"description\" content=\"Sie wollen Ihr Haus oder Ihre Wohnung versch\u00f6nern und suchen daf\u00fcr einen professionellen Dienstleister? Bei dieser Auswahl sind heute nicht nur die handwerklichen F\u00e4higkeiten gefragt. Kreativit\u00e4t, modernste Materialien, \u00d6konomie und \u00d6kologie, Gesundes Wohnen sind wichtige Kriterien f\u00fcr Ihr Projekt in Frankfurt und demRhein-Main-Gebiet.\" \/>\n<meta name=\"robots\" content=\"index, follow, max-snippet:-1, max-image-preview:large, max-video-preview:-1\" \/>\n<link rel=\"canonical\" href=\"https:\/\/sossenheim-online.de\/wp\/firmen\/bauen-wohnen-renovieren\/malermeister-smole\/\" \/>\n<meta property=\"og:locale\" content=\"de_DE\" \/>\n<meta property=\"og:type\" content=\"article\" \/>\n<meta property=\"og:title\" content=\"Malermeister Smole - Sossenheim - Online\" \/>\n<meta property=\"og:description\" content=\"Sie wollen Ihr Haus oder Ihre Wohnung versch\u00f6nern und suchen daf\u00fcr einen professionellen Dienstleister? Bei dieser Auswahl sind heute nicht nur die handwerklichen F\u00e4higkeiten gefragt. Kreativit\u00e4t, modernste Materialien, \u00d6konomie und \u00d6kologie, Gesundes Wohnen sind wichtige Kriterien f\u00fcr Ihr Projekt in Frankfurt und demRhein-Main-Gebiet.\" \/>\n<meta property=\"og:url\" content=\"https:\/\/sossenheim-online.de\/wp\/firmen\/bauen-wohnen-renovieren\/malermeister-smole\/\" \/>\n<meta property=\"og:site_name\" content=\"Sossenheim - Online\" \/>\n<meta property=\"article:modified_time\" content=\"2021-05-12T09:21:52+00:00\" \/>\n<meta name=\"twitter:card\" content=\"summary_large_image\" \/>\n<meta name=\"twitter:label1\" content=\"Gesch\u00e4tzte Lesezeit\" \/>\n\t<meta name=\"twitter:data1\" content=\"1\u00a0Minute\" \/>\n<script type=\"application\/ld+json\" class=\"yoast-schema-graph\">{\"@context\":\"https:\/\/schema.org\",\"@graph\":[{\"@type\":\"WebPage\",\"@id\":\"https:\/\/sossenheim-online.de\/wp\/firmen\/bauen-wohnen-renovieren\/malermeister-smole\/\",\"url\":\"https:\/\/sossenheim-online.de\/wp\/firmen\/bauen-wohnen-renovieren\/malermeister-smole\/\",\"name\":\"Malermeister Smole - Sossenheim - Online\",\"isPartOf\":{\"@id\":\"https:\/\/sossenheim-online.de\/wp\/#website\"},\"datePublished\":\"2015-04-05T17:48:05+00:00\",\"dateModified\":\"2021-05-12T09:21:52+00:00\",\"description\":\"Sie wollen Ihr Haus oder Ihre Wohnung versch\u00f6nern und suchen daf\u00fcr einen professionellen Dienstleister? Bei dieser Auswahl sind heute nicht nur die handwerklichen F\u00e4higkeiten gefragt. Kreativit\u00e4t, modernste Materialien, \u00d6konomie und \u00d6kologie, Gesundes Wohnen sind wichtige Kriterien f\u00fcr Ihr Projekt in Frankfurt und demRhein-Main-Gebiet.\",\"breadcrumb\":{\"@id\":\"https:\/\/sossenheim-online.de\/wp\/firmen\/bauen-wohnen-renovieren\/malermeister-smole\/#breadcrumb\"},\"inLanguage\":\"de\",\"potentialAction\":[{\"@type\":\"ReadAction\",\"target\":[\"https:\/\/sossenheim-online.de\/wp\/firmen\/bauen-wohnen-renovieren\/malermeister-smole\/\"]}]},{\"@type\":\"BreadcrumbList\",\"@id\":\"https:\/\/sossenheim-online.de\/wp\/firmen\/bauen-wohnen-renovieren\/malermeister-smole\/#breadcrumb\",\"itemListElement\":[{\"@type\":\"ListItem\",\"position\":1,\"name\":\"Startseite\",\"item\":\"https:\/\/sossenheim-online.de\/wp\/\"},{\"@type\":\"ListItem\",\"position\":2,\"name\":\"Firmen\",\"item\":\"https:\/\/sossenheim-online.de\/wp\/firmen\/\"},{\"@type\":\"ListItem\",\"position\":3,\"name\":\"Bauen, Wohnen &#038; Renovieren\",\"item\":\"https:\/\/sossenheim-online.de\/wp\/firmen\/bauen-wohnen-renovieren\/\"},{\"@type\":\"ListItem\",\"position\":4,\"name\":\"Malermeister Smole\"}]},{\"@type\":\"WebSite\",\"@id\":\"https:\/\/sossenheim-online.de\/wp\/#website\",\"url\":\"https:\/\/sossenheim-online.de\/wp\/\",\"name\":\"Sossenheim-Online\",\"description\":\"Das Magazin f\u00fcr Sossenheim und Umgebung\",\"potentialAction\":[{\"@type\":\"SearchAction\",\"target\":{\"@type\":\"EntryPoint\",\"urlTemplate\":\"https:\/\/sossenheim-online.de\/wp\/?s={search_term_string}\"},\"query-input\":{\"@type\":\"PropertyValueSpecification\",\"valueRequired\":true,\"valueName\":\"search_term_string\"}}],\"inLanguage\":\"de\"}]}<\/script>\n<!-- \/ Yoast SEO plugin. -->","yoast_head_json":{"title":"Malermeister Smole - Sossenheim - Online","description":"Sie wollen Ihr Haus oder Ihre Wohnung versch\u00f6nern und suchen daf\u00fcr einen professionellen Dienstleister? Bei dieser Auswahl sind heute nicht nur die handwerklichen F\u00e4higkeiten gefragt. Kreativit\u00e4t, modernste Materialien, \u00d6konomie und \u00d6kologie, Gesundes Wohnen sind wichtige Kriterien f\u00fcr Ihr Projekt in Frankfurt und demRhein-Main-Gebiet.","robots":{"index":"index","follow":"follow","max-snippet":"max-snippet:-1","max-image-preview":"max-image-preview:large","max-video-preview":"max-video-preview:-1"},"canonical":"https:\/\/sossenheim-online.de\/wp\/firmen\/bauen-wohnen-renovieren\/malermeister-smole\/","og_locale":"de_DE","og_type":"article","og_title":"Malermeister Smole - Sossenheim - Online","og_description":"Sie wollen Ihr Haus oder Ihre Wohnung versch\u00f6nern und suchen daf\u00fcr einen professionellen Dienstleister? Bei dieser Auswahl sind heute nicht nur die handwerklichen F\u00e4higkeiten gefragt. Kreativit\u00e4t, modernste Materialien, \u00d6konomie und \u00d6kologie, Gesundes Wohnen sind wichtige Kriterien f\u00fcr Ihr Projekt in Frankfurt und demRhein-Main-Gebiet.","og_url":"https:\/\/sossenheim-online.de\/wp\/firmen\/bauen-wohnen-renovieren\/malermeister-smole\/","og_site_name":"Sossenheim - Online","article_modified_time":"2021-05-12T09:21:52+00:00","twitter_card":"summary_large_image","twitter_misc":{"Gesch\u00e4tzte Lesezeit":"1\u00a0Minute"},"schema":{"@context":"https:\/\/schema.org","@graph":[{"@type":"WebPage","@id":"https:\/\/sossenheim-online.de\/wp\/firmen\/bauen-wohnen-renovieren\/malermeister-smole\/","url":"https:\/\/sossenheim-online.de\/wp\/firmen\/bauen-wohnen-renovieren\/malermeister-smole\/","name":"Malermeister Smole - Sossenheim - Online","isPartOf":{"@id":"https:\/\/sossenheim-online.de\/wp\/#website"},"datePublished":"2015-04-05T17:48:05+00:00","dateModified":"2021-05-12T09:21:52+00:00","description":"Sie wollen Ihr Haus oder Ihre Wohnung versch\u00f6nern und suchen daf\u00fcr einen professionellen Dienstleister? Bei dieser Auswahl sind heute nicht nur die handwerklichen F\u00e4higkeiten gefragt. Kreativit\u00e4t, modernste Materialien, \u00d6konomie und \u00d6kologie, Gesundes Wohnen sind wichtige Kriterien f\u00fcr Ihr Projekt in Frankfurt und demRhein-Main-Gebiet.","breadcrumb":{"@id":"https:\/\/sossenheim-online.de\/wp\/firmen\/bauen-wohnen-renovieren\/malermeister-smole\/#breadcrumb"},"inLanguage":"de","potentialAction":[{"@type":"ReadAction","target":["https:\/\/sossenheim-online.de\/wp\/firmen\/bauen-wohnen-renovieren\/malermeister-smole\/"]}]},{"@type":"BreadcrumbList","@id":"https:\/\/sossenheim-online.de\/wp\/firmen\/bauen-wohnen-renovieren\/malermeister-smole\/#breadcrumb","itemListElement":[{"@type":"ListItem","position":1,"name":"Startseite","item":"https:\/\/sossenheim-online.de\/wp\/"},{"@type":"ListItem","position":2,"name":"Firmen","item":"https:\/\/sossenheim-online.de\/wp\/firmen\/"},{"@type":"ListItem","position":3,"name":"Bauen, Wohnen &#038; Renovieren","item":"https:\/\/sossenheim-online.de\/wp\/firmen\/bauen-wohnen-renovieren\/"},{"@type":"ListItem","position":4,"name":"Malermeister Smole"}]},{"@type":"WebSite","@id":"https:\/\/sossenheim-online.de\/wp\/#website","url":"https:\/\/sossenheim-online.de\/wp\/","name":"Sossenheim-Online","description":"Das Magazin f\u00fcr Sossenheim und Umgebung","potentialAction":[{"@type":"SearchAction","target":{"@type":"EntryPoint","urlTemplate":"https:\/\/sossenheim-online.de\/wp\/?s={search_term_string}"},"query-input":{"@type":"PropertyValueSpecification","valueRequired":true,"valueName":"search_term_string"}}],"inLanguage":"de"}]}},"_links":{"self":[{"href":"https:\/\/sossenheim-online.de\/wp\/wp-json\/wp\/v2\/pages\/231","targetHints":{"allow":["GET"]}}],"collection":[{"href":"https:\/\/sossenheim-online.de\/wp\/wp-json\/wp\/v2\/pages"}],"about":[{"href":"https:\/\/sossenheim-online.de\/wp\/wp-json\/wp\/v2\/types\/page"}],"author":[{"embeddable":true,"href":"https:\/\/sossenheim-online.de\/wp\/wp-json\/wp\/v2\/users\/1"}],"replies":[{"embeddable":true,"href":"https:\/\/sossenheim-online.de\/wp\/wp-json\/wp\/v2\/comments?post=231"}],"version-history":[{"count":3,"href":"https:\/\/sossenheim-online.de\/wp\/wp-json\/wp\/v2\/pages\/231\/revisions"}],"predecessor-version":[{"id":2727,"href":"https:\/\/sossenheim-online.de\/wp\/wp-json\/wp\/v2\/pages\/231\/revisions\/2727"}],"up":[{"embeddable":true,"href":"https:\/\/sossenheim-online.de\/wp\/wp-json\/wp\/v2\/pages\/36"}],"wp:attachment":[{"href":"https:\/\/sossenheim-online.de\/wp\/wp-json\/wp\/v2\/media?parent=231"}],"curies":[{"name":"wp","href":"https:\/\/api.w.org\/{rel}","templated":true}]}}